{"id":5959,"date":"2020-09-10T16:32:00","date_gmt":"2020-09-10T16:32:00","guid":{"rendered":"http:\/\/handinscan.us\/?page_id=5959"},"modified":"2023-06-06T08:48:14","modified_gmt":"2023-06-06T08:48:14","slug":"contact","status":"publish","type":"page","link":"https:\/\/www.handinscan.com\/eu\/contact\/","title":{"rendered":"Contact"},"content":{"rendered":"\t\t<div data-elementor-type=\"wp-page\" data-elementor-id=\"5959\" class=\"elementor elementor-5959\" data-elementor-settings=\"[]\">\n\t\t\t\t\t\t<div class=\"elementor-inner\">\n\t\t\t\t\t\t\t<div class=\"elementor-section-wrap\">\n\t\t\t\t\t\t\t<div class=\"elementor-section elementor-top-section elementor-element elementor-element-811d5da elementor-section-stretched elementor-section-height-min-height elementor-section-boxed elementor-section-height-default elementor-section-items-middle\" data-id=\"811d5da\" data-element_type=\"section\" data-settings=\"{&quot;stretch_section&quot;:&quot;section-stretched&quot;,&quot;background_background&quot;:&quot;classic&quot;,&quot;animation&quot;:&quot;none&quot;}\">\n\t\t\t\t\t\t<div class=\"elementor-container elementor-column-gap-default\">\n\t\t\t\t\t\t\t<div class=\"elementor-row\">\n\t\t\t\t\t<div class=\"elementor-column elementor-col-100 elementor-top-column elementor-element elementor-element-0410970\" data-id=\"0410970\" data-element_type=\"column\">\n\t\t\t<div class=\"elementor-column-wrap elementor-element-populated\">\n\t\t\t\t\t\t\t<div class=\"elementor-widget-wrap\">\n\t\t\t\t\t\t<div class=\"elementor-element elementor-element-77574fe elementor-widget elementor-widget-heading\" data-id=\"77574fe\" data-element_type=\"widget\" data-widget_type=\"heading.default\">\n\t\t\t\t<div class=\"elementor-widget-container\">\n\t\t\t<h1 class=\"elementor-heading-title elementor-size-default\">Contact<\/h1>\t\t<\/div>\n\t\t\t\t<\/div>\n\t\t\t\t\t\t<\/div>\n\t\t\t\t\t<\/div>\n\t\t<\/div>\n\t\t\t\t\t\t\t\t<\/div>\n\t\t\t\t\t<\/div>\n\t\t<\/div>\n\t\t\t\t<section class=\"elementor-section elementor-top-section elementor-element elementor-element-668afc3 elementor-section-boxed elementor-section-height-default elementor-section-height-default elementor-invisible\" data-id=\"668afc3\" data-element_type=\"section\" data-settings=\"{&quot;animation&quot;:&quot;fadeInUp&quot;}\">\n\t\t\t\t\t\t<div class=\"elementor-container elementor-column-gap-default\">\n\t\t\t\t\t\t\t<div class=\"elementor-row\">\n\t\t\t\t\t<div class=\"elementor-column elementor-col-50 elementor-top-column elementor-element elementor-element-5052b6a\" data-id=\"5052b6a\" data-element_type=\"column\">\n\t\t\t<div class=\"elementor-column-wrap elementor-element-populated\">\n\t\t\t\t\t\t\t<div class=\"elementor-widget-wrap\">\n\t\t\t\t\t\t<div class=\"elementor-element elementor-element-10b2303 elementor-widget elementor-widget-heading\" data-id=\"10b2303\" data-element_type=\"widget\" data-widget_type=\"heading.default\">\n\t\t\t\t<div class=\"elementor-widget-container\">\n\t\t\t<h5 class=\"elementor-heading-title elementor-size-default\">Mailing address & office:<\/h5>\t\t<\/div>\n\t\t\t\t<\/div>\n\t\t\t\t<div class=\"elementor-element elementor-element-2169ed5 elementor-widget elementor-widget-text-editor\" data-id=\"2169ed5\" data-element_type=\"widget\" data-widget_type=\"text-editor.default\">\n\t\t\t\t<div class=\"elementor-widget-container\">\n\t\t\t\t\t\t\t\t<div class=\"elementor-text-editor elementor-clearfix\">\n\t\t\t\t<p><strong>HandInScan Zrt.<\/strong><\/p><p><span style=\"font-weight: 400;\">Bart\u00f3k B\u00e9la \u00fat 105-113., I.\u00e9p\u00fclet, \u201cA\u201dporta, Budapest<\/span><\/p><p>H-1114, Hungary<\/p>\t\t\t\t\t<\/div>\n\t\t\t\t\t\t<\/div>\n\t\t\t\t<\/div>\n\t\t\t\t<div class=\"elementor-element elementor-element-c432f04 elementor-widget elementor-widget-heading\" data-id=\"c432f04\" data-element_type=\"widget\" data-widget_type=\"heading.default\">\n\t\t\t\t<div class=\"elementor-widget-container\">\n\t\t\t<h5 class=\"elementor-heading-title elementor-size-default\">Invoicing:<\/h5>\t\t<\/div>\n\t\t\t\t<\/div>\n\t\t\t\t<div class=\"elementor-element elementor-element-7978e5d elementor-widget elementor-widget-text-editor\" data-id=\"7978e5d\" data-element_type=\"widget\" data-widget_type=\"text-editor.default\">\n\t\t\t\t<div class=\"elementor-widget-container\">\n\t\t\t\t\t\t\t\t<div class=\"elementor-text-editor elementor-clearfix\">\n\t\t\t\t<p><strong>HandInScan Zrt.<\/strong><br \/>55 Arany J\u00e1nos utca, Debrecen<br \/>H-4025, Hungary<\/p>\t\t\t\t\t<\/div>\n\t\t\t\t\t\t<\/div>\n\t\t\t\t<\/div>\n\t\t\t\t<div class=\"elementor-element elementor-element-d8a0cae elementor-widget elementor-widget-heading\" data-id=\"d8a0cae\" data-element_type=\"widget\" data-widget_type=\"heading.default\">\n\t\t\t\t<div class=\"elementor-widget-container\">\n\t\t\t<h5 class=\"elementor-heading-title elementor-size-default\">Sales inquiries:<\/h5>\t\t<\/div>\n\t\t\t\t<\/div>\n\t\t\t\t<div class=\"elementor-element elementor-element-273bae1 elementor-widget elementor-widget-text-editor\" data-id=\"273bae1\" data-element_type=\"widget\" data-widget_type=\"text-editor.default\">\n\t\t\t\t<div class=\"elementor-widget-container\">\n\t\t\t\t\t\t\t\t<div class=\"elementor-text-editor elementor-clearfix\">\n\t\t\t\t<a href=\"mailto:sales@handinscan.com\">sales@handinscan.com<\/a>\t\t\t\t\t<\/div>\n\t\t\t\t\t\t<\/div>\n\t\t\t\t<\/div>\n\t\t\t\t<div class=\"elementor-element elementor-element-b29b21a elementor-widget elementor-widget-heading\" data-id=\"b29b21a\" data-element_type=\"widget\" data-widget_type=\"heading.default\">\n\t\t\t\t<div class=\"elementor-widget-container\">\n\t\t\t<h5 class=\"elementor-heading-title elementor-size-default\">General inquiries:<\/h5>\t\t<\/div>\n\t\t\t\t<\/div>\n\t\t\t\t<div class=\"elementor-element elementor-element-04a6525 elementor-widget elementor-widget-text-editor\" data-id=\"04a6525\" data-element_type=\"widget\" data-widget_type=\"text-editor.default\">\n\t\t\t\t<div class=\"elementor-widget-container\">\n\t\t\t\t\t\t\t\t<div class=\"elementor-text-editor elementor-clearfix\">\n\t\t\t\t<a href=\"mailto:info@handinscan.com\">info@handinscan.com<\/a>\t\t\t\t\t<\/div>\n\t\t\t\t\t\t<\/div>\n\t\t\t\t<\/div>\n\t\t\t\t\t\t<\/div>\n\t\t\t\t\t<\/div>\n\t\t<\/div>\n\t\t\t\t<div class=\"elementor-column elementor-col-50 elementor-top-column elementor-element elementor-element-0069ca3\" data-id=\"0069ca3\" data-element_type=\"column\">\n\t\t\t<div class=\"elementor-column-wrap elementor-element-populated\">\n\t\t\t\t\t\t\t<div class=\"elementor-widget-wrap\">\n\t\t\t\t\t\t<div class=\"elementor-element elementor-element-0198e9b elementor-widget elementor-widget-google_maps\" data-id=\"0198e9b\" data-element_type=\"widget\" data-widget_type=\"google_maps.default\">\n\t\t\t\t<div class=\"elementor-widget-container\">\n\t\t\t\t\t<div class=\"elementor-custom-embed\">\n\t\t\t<iframe frameborder=\"0\" scrolling=\"no\" marginheight=\"0\" marginwidth=\"0\"\n\t\t\t\t\tsrc=\"https:\/\/maps.google.com\/maps?q=bart%C3%B3k%20b%C3%A9la%20105-113&#038;t=m&#038;z=17&#038;output=embed&#038;iwloc=near\"\n\t\t\t\t\ttitle=\"bart\u00f3k b\u00e9la 105-113\"\n\t\t\t\t\taria-label=\"bart\u00f3k b\u00e9la 105-113\"\n\t\t\t><\/iframe>\n\t\t<\/div>\n\t\t\t\t<\/div>\n\t\t\t\t<\/div>\n\t\t\t\t\t\t<\/div>\n\t\t\t\t\t<\/div>\n\t\t<\/div>\n\t\t\t\t\t\t\t\t<\/div>\n\t\t\t\t\t<\/div>\n\t\t<\/section>\n\t\t\t\t\t\t<\/div>\n\t\t\t\t\t\t<\/div>\n\t\t\t\t\t<\/div>\n\t\t","protected":false},"excerpt":{"rendered":"<p>Contact Mailing address &#038; office: HandInScan Zrt.Bart\u00f3k B\u00e9la \u00fat 105-113., I.\u00e9p\u00fclet, \u201cA\u201dporta, BudapestH-1114, Hungary Invoicing: HandInScan Zrt.55 Arany J\u00e1nos utca, DebrecenH-4025, Hungary Sales inquiries: sales@handinscan.com General inquiries: info@handinscan.com<\/p>\n","protected":false},"author":1,"featured_media":0,"parent":0,"menu_order":0,"comment_status":"closed","ping_status":"closed","template":"","meta":[],"yoast_head":"<!-- This site is optimized with the Yoast SEO plugin v17.4 - https:\/\/yoast.com\/wordpress\/plugins\/seo\/ -->\n<title>Contact - Hand-in-Scan\u2122 - International<\/title>\n<meta name=\"description\" content=\"USA &amp; CANADA: 3234 East Ave Livermore, California USA 94550. GLOBAL OPERATIONS: Zrt.Feh\u00e9rv\u00e1ri \u00fat 44, Budapest 1117, Hungary. USA INQUIRIES,SALES &amp; MEDIA: info@handinscan.us\" \/>\n<meta name=\"robots\" content=\"index, follow, max-snippet:-1, max-image-preview:large, max-video-preview:-1\" \/>\n<link rel=\"canonical\" href=\"https:\/\/www.handinscan.com\/eu\/contact\/\" \/>\n<meta property=\"og:locale\" content=\"en_US\" \/>\n<meta property=\"og:type\" content=\"article\" \/>\n<meta property=\"og:title\" content=\"Contact - Hand-in-Scan\u2122 - International\" \/>\n<meta property=\"og:description\" content=\"USA &amp; CANADA: 3234 East Ave Livermore, California USA 94550. GLOBAL OPERATIONS: Zrt.Feh\u00e9rv\u00e1ri \u00fat 44, Budapest 1117, Hungary. USA INQUIRIES,SALES &amp; MEDIA: info@handinscan.us\" \/>\n<meta property=\"og:url\" content=\"https:\/\/www.handinscan.com\/eu\/contact\/\" \/>\n<meta property=\"og:site_name\" content=\"Hand-in-Scan\u2122 - International\" \/>\n<meta property=\"article:modified_time\" content=\"2023-06-06T08:48:14+00:00\" \/>\n<meta name=\"twitter:card\" content=\"summary_large_image\" \/>\n<meta name=\"twitter:label1\" content=\"Est. reading time\" \/>\n\t<meta name=\"twitter:data1\" content=\"1 minute\" \/>\n<script type=\"application\/ld+json\" class=\"yoast-schema-graph\">{\"@context\":\"https:\/\/schema.org\",\"@graph\":[{\"@type\":\"WebSite\",\"@id\":\"https:\/\/www.handinscan.com\/eu\/#website\",\"url\":\"https:\/\/www.handinscan.com\/eu\/\",\"name\":\"Hand-in-Scan\\u2122 - International\",\"description\":\"An Ovation for Healthcare\\u2122\",\"potentialAction\":[{\"@type\":\"SearchAction\",\"target\":{\"@type\":\"EntryPoint\",\"urlTemplate\":\"https:\/\/www.handinscan.com\/eu\/?s={search_term_string}\"},\"query-input\":\"required name=search_term_string\"}],\"inLanguage\":\"en-US\"},{\"@type\":\"WebPage\",\"@id\":\"https:\/\/www.handinscan.com\/eu\/contact\/#webpage\",\"url\":\"https:\/\/www.handinscan.com\/eu\/contact\/\",\"name\":\"Contact - Hand-in-Scan\\u2122 - International\",\"isPartOf\":{\"@id\":\"https:\/\/www.handinscan.com\/eu\/#website\"},\"datePublished\":\"2020-09-10T16:32:00+00:00\",\"dateModified\":\"2023-06-06T08:48:14+00:00\",\"description\":\"USA & CANADA: 3234 East Ave Livermore, California USA 94550. GLOBAL OPERATIONS: Zrt.Feh\\u00e9rv\\u00e1ri \\u00fat 44, Budapest 1117, Hungary. USA INQUIRIES,SALES & MEDIA: info@handinscan.us\",\"breadcrumb\":{\"@id\":\"https:\/\/www.handinscan.com\/eu\/contact\/#breadcrumb\"},\"inLanguage\":\"en-US\",\"potentialAction\":[{\"@type\":\"ReadAction\",\"target\":[\"https:\/\/www.handinscan.com\/eu\/contact\/\"]}]},{\"@type\":\"BreadcrumbList\",\"@id\":\"https:\/\/www.handinscan.com\/eu\/contact\/#breadcrumb\",\"itemListElement\":[{\"@type\":\"ListItem\",\"position\":1,\"name\":\"Home\",\"item\":\"https:\/\/www.handinscan.com\/eu\/\"},{\"@type\":\"ListItem\",\"position\":2,\"name\":\"Contact\"}]}]}<\/script>\n<!-- \/ Yoast SEO plugin. -->","yoast_head_json":{"title":"Contact - Hand-in-Scan\u2122 - International","description":"USA & CANADA: 3234 East Ave Livermore, California USA 94550. GLOBAL OPERATIONS: Zrt.Feh\u00e9rv\u00e1ri \u00fat 44, Budapest 1117, Hungary. USA INQUIRIES,SALES & MEDIA: info@handinscan.us","robots":{"index":"index","follow":"follow","max-snippet":"max-snippet:-1","max-image-preview":"max-image-preview:large","max-video-preview":"max-video-preview:-1"},"canonical":"https:\/\/www.handinscan.com\/eu\/contact\/","og_locale":"en_US","og_type":"article","og_title":"Contact - Hand-in-Scan\u2122 - International","og_description":"USA & CANADA: 3234 East Ave Livermore, California USA 94550. GLOBAL OPERATIONS: Zrt.Feh\u00e9rv\u00e1ri \u00fat 44, Budapest 1117, Hungary. USA INQUIRIES,SALES & MEDIA: info@handinscan.us","og_url":"https:\/\/www.handinscan.com\/eu\/contact\/","og_site_name":"Hand-in-Scan\u2122 - International","article_modified_time":"2023-06-06T08:48:14+00:00","twitter_card":"summary_large_image","twitter_misc":{"Est. reading time":"1 minute"},"schema":{"@context":"https:\/\/schema.org","@graph":[{"@type":"WebSite","@id":"https:\/\/www.handinscan.com\/eu\/#website","url":"https:\/\/www.handinscan.com\/eu\/","name":"Hand-in-Scan\u2122 - International","description":"An Ovation for Healthcare\u2122","potentialAction":[{"@type":"SearchAction","target":{"@type":"EntryPoint","urlTemplate":"https:\/\/www.handinscan.com\/eu\/?s={search_term_string}"},"query-input":"required name=search_term_string"}],"inLanguage":"en-US"},{"@type":"WebPage","@id":"https:\/\/www.handinscan.com\/eu\/contact\/#webpage","url":"https:\/\/www.handinscan.com\/eu\/contact\/","name":"Contact - Hand-in-Scan\u2122 - International","isPartOf":{"@id":"https:\/\/www.handinscan.com\/eu\/#website"},"datePublished":"2020-09-10T16:32:00+00:00","dateModified":"2023-06-06T08:48:14+00:00","description":"USA & CANADA: 3234 East Ave Livermore, California USA 94550. GLOBAL OPERATIONS: Zrt.Feh\u00e9rv\u00e1ri \u00fat 44, Budapest 1117, Hungary. USA INQUIRIES,SALES & MEDIA: info@handinscan.us","breadcrumb":{"@id":"https:\/\/www.handinscan.com\/eu\/contact\/#breadcrumb"},"inLanguage":"en-US","potentialAction":[{"@type":"ReadAction","target":["https:\/\/www.handinscan.com\/eu\/contact\/"]}]},{"@type":"BreadcrumbList","@id":"https:\/\/www.handinscan.com\/eu\/contact\/#breadcrumb","itemListElement":[{"@type":"ListItem","position":1,"name":"Home","item":"https:\/\/www.handinscan.com\/eu\/"},{"@type":"ListItem","position":2,"name":"Contact"}]}]}},"_links":{"self":[{"href":"https:\/\/www.handinscan.com\/eu\/wp-json\/wp\/v2\/pages\/5959"}],"collection":[{"href":"https:\/\/www.handinscan.com\/eu\/wp-json\/wp\/v2\/pages"}],"about":[{"href":"https:\/\/www.handinscan.com\/eu\/wp-json\/wp\/v2\/types\/page"}],"author":[{"embeddable":true,"href":"https:\/\/www.handinscan.com\/eu\/wp-json\/wp\/v2\/users\/1"}],"replies":[{"embeddable":true,"href":"https:\/\/www.handinscan.com\/eu\/wp-json\/wp\/v2\/comments?post=5959"}],"version-history":[{"count":43,"href":"https:\/\/www.handinscan.com\/eu\/wp-json\/wp\/v2\/pages\/5959\/revisions"}],"predecessor-version":[{"id":15267,"href":"https:\/\/www.handinscan.com\/eu\/wp-json\/wp\/v2\/pages\/5959\/revisions\/15267"}],"wp:attachment":[{"href":"https:\/\/www.handinscan.com\/eu\/wp-json\/wp\/v2\/media?parent=5959"}],"curies":[{"name":"wp","href":"https:\/\/api.w.org\/{rel}","templated":true}]}}